{"id":17,"date":"2025-04-06T20:59:59","date_gmt":"2025-04-06T20:59:59","guid":{"rendered":"https:\/\/skn.es\/?page_id=17"},"modified":"2025-04-06T21:34:12","modified_gmt":"2025-04-06T21:34:12","slug":"presentacion","status":"publish","type":"page","link":"https:\/\/skn.es\/index.php\/presentacion\/","title":{"rendered":"Presentaci\u00f3n"},"content":{"rendered":"\n<p>Este no es un proyecto comercial.<br>Tampoco una declaraci\u00f3n de intenciones.<br>Es, m\u00e1s bien, un espacio para respirar.<\/p>\n\n\n\n<p>Aqu\u00ed se entrelazan ideas sobre c\u00f3mo habitar lo peque\u00f1o, lo sencillo, lo esencial.<br>Casas. lugares y espacios m\u00ednimos, pero completos. Lugares para quedarse, escribir, leer, mirar por la ventana sin prisa.<\/p>\n\n\n\n<p>Lo llamo <em>Refugio Wabi<\/em> porque recojo la belleza de lo imperfecto, lo natural, lo que envejece con gracia.<br>No se trata de metros cuadrados, sino de <strong>dise\u00f1o para vivir<\/strong>.<br>De imaginar no solo estructuras, sino <strong>modos de estar<\/strong>.<\/p>\n\n\n\n<p>Es posible que aqu\u00ed encuentres planos, herramientas, pensamientos, bosquejos, historias.<br>O simplemente pausas. Como una caba\u00f1a entre \u00e1rboles.<\/p>\n\n\n\n<p>Bienvenido.<\/p>\n","protected":false},"excerpt":{"rendered":"<p>Este no es un proyecto comercial.Tampoco una declaraci\u00f3n de intenciones.Es, m\u00e1s bien, un espacio para respirar. Aqu\u00ed se entrelazan ideas sobre c\u00f3mo habitar lo peque\u00f1o, lo sencillo, lo esencial.Casas. lugares y espacios m\u00ednimos, pero completos. Lugares para quedarse, escribir, leer, mirar por la ventana sin prisa. Lo llamo Refugio Wabi&hellip;<\/p>\n","protected":false},"author":1,"featured_media":0,"parent":0,"menu_order":0,"comment_status":"closed","ping_status":"closed","template":"","meta":{"footnotes":""},"class_list":["post-17","page","type-page","status-publish","hentry"],"_links":{"self":[{"href":"https:\/\/skn.es\/index.php\/wp-json\/wp\/v2\/pages\/17","targetHints":{"allow":["GET"]}}],"collection":[{"href":"https:\/\/skn.es\/index.php\/wp-json\/wp\/v2\/pages"}],"about":[{"href":"https:\/\/skn.es\/index.php\/wp-json\/wp\/v2\/types\/page"}],"author":[{"embeddable":true,"href":"https:\/\/skn.es\/index.php\/wp-json\/wp\/v2\/users\/1"}],"replies":[{"embeddable":true,"href":"https:\/\/skn.es\/index.php\/wp-json\/wp\/v2\/comments?post=17"}],"version-history":[{"count":2,"href":"https:\/\/skn.es\/index.php\/wp-json\/wp\/v2\/pages\/17\/revisions"}],"predecessor-version":[{"id":30,"href":"https:\/\/skn.es\/index.php\/wp-json\/wp\/v2\/pages\/17\/revisions\/30"}],"wp:attachment":[{"href":"https:\/\/skn.es\/index.php\/wp-json\/wp\/v2\/media?parent=17"}],"curies":[{"name":"wp","href":"https:\/\/api.w.org\/{rel}","templated":true}]}}